{"id":1472,"date":"2024-05-19T16:23:52","date_gmt":"2024-05-19T14:23:52","guid":{"rendered":"https:\/\/www.fillou.com\/tuev-abe\/"},"modified":"2024-07-22T00:21:02","modified_gmt":"2024-07-21T22:21:02","slug":"tuev-abe","status":"publish","type":"page","link":"https:\/\/fillou.com\/fr\/tuev-abe\/","title":{"rendered":"T\u00dcV ABE"},"content":{"rendered":"\t\t<div data-elementor-type=\"wp-page\" data-elementor-id=\"1472\" class=\"elementor elementor-1472\" data-elementor-settings=\"{&quot;ha_cmc_init_switcher&quot;:&quot;no&quot;}\" data-elementor-post-type=\"page\">\n\t\t\t\t\t\t<section class=\"elementor-section elementor-top-section elementor-element elementor-element-9c39646 elementor-section-boxed elementor-section-height-default elementor-section-height-default\" data-id=\"9c39646\" data-element_type=\"section\" data-e-type=\"section\" data-settings=\"{&quot;_ha_eqh_enable&quot;:false}\">\n\t\t\t\t\t\t\t<div class=\"elementor-background-overlay\"><\/div>\n\t\t\t\t\t\t\t<div class=\"elementor-container elementor-column-gap-default\">\n\t\t\t\t\t<div class=\"elementor-column elementor-col-100 elementor-top-column elementor-element elementor-element-026c60c\" data-id=\"026c60c\" data-element_type=\"column\" data-e-type=\"column\">\n\t\t\t<div class=\"elementor-widget-wrap elementor-element-populated\">\n\t\t\t\t\t\t<div class=\"elementor-element elementor-element-652172c elementor-widget elementor-widget-heading\" data-id=\"652172c\" data-element_type=\"widget\" data-e-type=\"widget\" data-widget_type=\"heading.default\">\n\t\t\t\t<div class=\"elementor-widget-container\">\n\t\t\t\t\t<h1 class=\"elementor-heading-title elementor-size-default\">T\u00dcV ABE<\/h1>\t\t\t\t<\/div>\n\t\t\t\t<\/div>\n\t\t\t\t<div class=\"elementor-element elementor-element-8e22dd6 elementor-widget elementor-widget-text-editor\" data-id=\"8e22dd6\" data-element_type=\"widget\" data-e-type=\"widget\" data-widget_type=\"text-editor.default\">\n\t\t\t\t<div class=\"elementor-widget-container\">\n\t\t\t\t\t\t\t\t\t<p>Les galeries de toit ne sont pas soumises \u00e0 un contr\u00f4le T\u00dcV, elles sont consid\u00e9r\u00e9es comme un chargement par le l\u00e9gislateur.<\/p>\n<p>Il n&rsquo;est pas n\u00e9cessaire d&rsquo;obtenir une autorisation g\u00e9n\u00e9rale d&rsquo;exploitation (ABE) et il n&rsquo;y a pas d&rsquo;inscription sur les papiers du v\u00e9hicule.<\/p>\n\t\t\t\t\t\t\t\t<\/div>\n\t\t\t\t<\/div>\n\t\t\t\t\t<\/div>\n\t\t<\/div>\n\t\t\t\t\t<\/div>\n\t\t<\/section>\n\t\t\t\t<\/div>\n\t\t","protected":false},"excerpt":{"rendered":"<p>T\u00dcV ABE Les galeries de toit ne sont pas soumises \u00e0 un contr\u00f4le T\u00dcV, elles sont consid\u00e9r\u00e9es comme un chargement par le l\u00e9gislateur. Il n&rsquo;est pas n\u00e9cessaire d&rsquo;obtenir une autorisation g\u00e9n\u00e9rale d&rsquo;exploitation (ABE) et il n&rsquo;y a pas d&rsquo;inscription sur les papiers du v\u00e9hicule.<\/p>\n","protected":false},"author":2067,"featured_media":0,"parent":0,"menu_order":0,"comment_status":"closed","ping_status":"closed","template":"","meta":{"_seopress_robots_primary_cat":"","_seopress_titles_title":"","_seopress_titles_desc":"","_seopress_robots_index":"","footnotes":""},"class_list":["post-1472","page","type-page","status-publish","hentry"],"_links":{"self":[{"href":"https:\/\/fillou.com\/fr\/wp-json\/wp\/v2\/pages\/1472","targetHints":{"allow":["GET"]}}],"collection":[{"href":"https:\/\/fillou.com\/fr\/wp-json\/wp\/v2\/pages"}],"about":[{"href":"https:\/\/fillou.com\/fr\/wp-json\/wp\/v2\/types\/page"}],"author":[{"embeddable":true,"href":"https:\/\/fillou.com\/fr\/wp-json\/wp\/v2\/users\/2067"}],"replies":[{"embeddable":true,"href":"https:\/\/fillou.com\/fr\/wp-json\/wp\/v2\/comments?post=1472"}],"version-history":[{"count":1,"href":"https:\/\/fillou.com\/fr\/wp-json\/wp\/v2\/pages\/1472\/revisions"}],"predecessor-version":[{"id":1473,"href":"https:\/\/fillou.com\/fr\/wp-json\/wp\/v2\/pages\/1472\/revisions\/1473"}],"wp:attachment":[{"href":"https:\/\/fillou.com\/fr\/wp-json\/wp\/v2\/media?parent=1472"}],"curies":[{"name":"wp","href":"https:\/\/api.w.org\/{rel}","templated":true}]}}